{"id":764,"date":"2025-12-24T10:14:36","date_gmt":"2025-12-24T10:14:36","guid":{"rendered":"https:\/\/meintherapeut-bonn.de\/STRATO-apps\/wordpress_01\/app\/?page_id=764"},"modified":"2025-12-24T10:15:02","modified_gmt":"2025-12-24T10:15:02","slug":"gruppe-gespraeche-gegen-die-angst","status":"publish","type":"page","link":"https:\/\/meintherapeut-bonn.de\/STRATO-apps\/wordpress_01\/app\/aktuelles\/gruppe-gespraeche-gegen-die-angst\/","title":{"rendered":"Gruppe &#8222;Gespr\u00e4che gegen die Angst&#8220;"},"content":{"rendered":"\n<p>In der Gruppe \u201eGespr\u00e4che gegen die Angst\u201c finden sich TeilnehmerInnen zusammen, die ihre \u00c4ngste gemeinsam bew\u00e4ltigen und sich dabei gegenseitig unterst\u00fctzen m\u00f6chten. Themen sind:<\/p>\n\n\n\n<ul class=\"wp-block-list\">\n<li>Aufkl\u00e4rung und Wissen \u00fcber die Natur der Angst als nat\u00fcrlicher Teil menschlichen Empfindens und Erlebens<\/li>\n\n\n\n<li>Pers\u00f6nliche Faktoren zur Entstehung und Aufrechterhaltung von \u00fcbertriebenen oder unangemessenen \u00c4ngsten<\/li>\n\n\n\n<li>Bew\u00e4ltigungsm\u00f6glichkeiten zur \u00dcberwindung von Angstst\u00f6rungen<\/li>\n\n\n\n<li>Erproben und Ein\u00fcben therapeutischer Interventionen<\/li>\n\n\n\n<li>Erfahrungsaustausch, gegenseitige Ermutigung und Unterst\u00fctzung<\/li>\n\n\n\n<li>Wertsch\u00e4tzung der Ressourcen und Fortschritte bei der Angstbew\u00e4ltigung<\/li>\n<\/ul>\n\n\n\n<p>Die Gruppe findet in der Regel w\u00f6chentlich, Montags von 18:00 bis 19:40 Uhr an ca. 3 von 4 Wochen im Monat statt.<\/p>\n\n\n\n<p>Wenn Sie sich f\u00fcr die Teilnahme an der Gruppe interessieren, erhalten Sie n\u00e4here Informationen im pers\u00f6nlichen Erstgespr\u00e4ch (<a href=\"https:\/\/meintherapeut-bonn.de\/STRATO-apps\/wordpress_01\/app\/kontakformular\/\" data-type=\"page\" data-id=\"450\">zum Kontaktformular<\/a>). Wenn die Gruppe dann f\u00fcr Sie in Frage kommt, werden die Kosten nach Antrag von der Gesetzlichen Krankenversicherung \u00fcbernommen.<\/p>\n","protected":false},"excerpt":{"rendered":"<p>In der Gruppe \u201eGespr\u00e4che gegen die Angst\u201c finden sich TeilnehmerInnen zusammen, die ihre \u00c4ngste gemeinsam bew\u00e4ltigen und sich dabei gegenseitig unterst\u00fctzen m\u00f6chten. Themen sind: Die Gruppe findet in der Regel w\u00f6chentlich, Montags von 18:00 bis 19:40 Uhr an ca. 3 von 4 Wochen im Monat statt. Wenn Sie sich f\u00fcr die Teilnahme an der Gruppe [&hellip;]<\/p>\n","protected":false},"author":1,"featured_media":0,"parent":741,"menu_order":0,"comment_status":"closed","ping_status":"closed","template":"","meta":{"footnotes":""},"class_list":["post-764","page","type-page","status-publish","hentry"],"_links":{"self":[{"href":"https:\/\/meintherapeut-bonn.de\/STRATO-apps\/wordpress_01\/app\/wp-json\/wp\/v2\/pages\/764","targetHints":{"allow":["GET"]}}],"collection":[{"href":"https:\/\/meintherapeut-bonn.de\/STRATO-apps\/wordpress_01\/app\/wp-json\/wp\/v2\/pages"}],"about":[{"href":"https:\/\/meintherapeut-bonn.de\/STRATO-apps\/wordpress_01\/app\/wp-json\/wp\/v2\/types\/page"}],"author":[{"embeddable":true,"href":"https:\/\/meintherapeut-bonn.de\/STRATO-apps\/wordpress_01\/app\/wp-json\/wp\/v2\/users\/1"}],"replies":[{"embeddable":true,"href":"https:\/\/meintherapeut-bonn.de\/STRATO-apps\/wordpress_01\/app\/wp-json\/wp\/v2\/comments?post=764"}],"version-history":[{"count":1,"href":"https:\/\/meintherapeut-bonn.de\/STRATO-apps\/wordpress_01\/app\/wp-json\/wp\/v2\/pages\/764\/revisions"}],"predecessor-version":[{"id":766,"href":"https:\/\/meintherapeut-bonn.de\/STRATO-apps\/wordpress_01\/app\/wp-json\/wp\/v2\/pages\/764\/revisions\/766"}],"up":[{"embeddable":true,"href":"https:\/\/meintherapeut-bonn.de\/STRATO-apps\/wordpress_01\/app\/wp-json\/wp\/v2\/pages\/741"}],"wp:attachment":[{"href":"https:\/\/meintherapeut-bonn.de\/STRATO-apps\/wordpress_01\/app\/wp-json\/wp\/v2\/media?parent=764"}],"curies":[{"name":"wp","href":"https:\/\/api.w.org\/{rel}","templated":true}]}}