{"id":450,"date":"2023-02-25T18:57:50","date_gmt":"2023-02-25T18:57:50","guid":{"rendered":"https:\/\/meintherapeut-bonn.de\/STRATO-apps\/wordpress_01\/app\/?page_id=450"},"modified":"2025-04-29T20:02:33","modified_gmt":"2025-04-29T20:02:33","slug":"kontakformular","status":"publish","type":"page","link":"https:\/\/meintherapeut-bonn.de\/STRATO-apps\/wordpress_01\/app\/kontakformular\/","title":{"rendered":"Kontakformular"},"content":{"rendered":"\n<h3 class=\"wp-block-heading\">Bitte nutzen Sie das Formular, wenn Sie auf der Suche nach einem Therapieplatz sind<strong>:<\/strong><\/h3>\n\n\n\n<p>Schreiben Sie gerne kurz in Ihre Nachricht, worum es geht (Stichwort) und wann Sie in der Regel Zeit haben. Ich suche dann nach einem passenden Termin und melde mich mit einem Terminvorschlag sobald es eine Terminm\u00f6glichkeit gibt. Sie erhalten in jedem Fall eine Antwort, auch wenn es etwas dauern kann. <\/p>\n\n\n\n<div class=\"wp-block-contact-form-7-contact-form-selector\">\n<div class=\"wpcf7 no-js\" id=\"wpcf7-f454-o1\" lang=\"de-DE\" dir=\"ltr\" data-wpcf7-id=\"454\">\n<div class=\"screen-reader-response\"><p role=\"status\" aria-live=\"polite\" aria-atomic=\"true\"><\/p> <ul><\/ul><\/div>\n<form action=\"\/STRATO-apps\/wordpress_01\/app\/wp-json\/wp\/v2\/pages\/450#wpcf7-f454-o1\" method=\"post\" class=\"wpcf7-form init\" aria-label=\"Kontaktformular\" novalidate=\"novalidate\" data-status=\"init\">\n<fieldset class=\"hidden-fields-container\"><input type=\"hidden\" name=\"_wpcf7\" value=\"454\" \/><input type=\"hidden\" name=\"_wpcf7_version\" value=\"6.1.5\" \/><input type=\"hidden\" name=\"_wpcf7_locale\" value=\"de_DE\" \/><input type=\"hidden\" name=\"_wpcf7_unit_tag\" value=\"wpcf7-f454-o1\" \/><input type=\"hidden\" name=\"_wpcf7_container_post\" value=\"0\" \/><input type=\"hidden\" name=\"_wpcf7_posted_data_hash\" value=\"\" \/>\n<\/fieldset>\n<p><span id=\"wpcf7-69d00e4f50538-wrapper\" class=\"wpcf7-form-control-wrap website-wrap\" ><input type=\"hidden\" name=\"website-time-start\" value=\"1775242831\"><input type=\"hidden\" name=\"website-time-check\" value=\"4\"><label for=\"wpcf7-69d00e4f50538-field\" class=\"hp-message\">Bitte lasse dieses Feld leer.<\/label><input id=\"wpcf7-69d00e4f50538-field\"  class=\"wpcf7-form-control wpcf7-text\" type=\"text\" name=\"website\" value=\"\" size=\"40\" tabindex=\"-1\" autocomplete=\"new-password\" \/><\/span><br \/>\n<label> Ihr Name<br \/>\n<span class=\"wpcf7-form-control-wrap\" data-name=\"your-name\"><input size=\"40\" maxlength=\"400\" class=\"wpcf7-form-control wpcf7-text wpcf7-validates-as-required\" autocomplete=\"name\" aria-required=\"true\" aria-invalid=\"false\" value=\"\" type=\"text\" name=\"your-name\" \/><\/span> <\/label>\n<\/p>\n<p><label> Ihre E-Mail-Adresse<br \/>\n<span class=\"wpcf7-form-control-wrap\" data-name=\"your-email\"><input size=\"40\" maxlength=\"400\" class=\"wpcf7-form-control wpcf7-email wpcf7-validates-as-required wpcf7-text wpcf7-validates-as-email\" autocomplete=\"email\" aria-required=\"true\" aria-invalid=\"false\" value=\"\" type=\"email\" name=\"your-email\" \/><\/span> <\/label>\n<\/p>\n<p><label> Ihre Nachricht (optional)<br \/>\n<span class=\"wpcf7-form-control-wrap\" data-name=\"your-message\"><textarea cols=\"40\" rows=\"10\" maxlength=\"2000\" class=\"wpcf7-form-control wpcf7-textarea\" aria-invalid=\"false\" name=\"your-message\"><\/textarea><\/span> <\/label>\n<\/p>\n<p>Datenschutzerkl\u00e4rung:<br \/>\nMit der Benutzung des Kontaktformulars willigen Sie in die Verwendung Ihrer Daten gem\u00e4\u00df unserer Datenschutzerkl\u00e4rung nach den Vorgaben der Datenschutzgrundverordnung (DSGVO-EU) ein. Die jeweils aktuelle Datenschutzerkl\u00e4rung kann jederzeit auf der Website <a href=\"https:\/\/meintherapeut-bonn.de\/STRATO-apps\/wordpress_01\/app\/datenschutz\/\">hier<\/a> von Ihnen abgerufen und ausgedruckt werden.<br \/>\n<span class=\"wpcf7-form-control-wrap\" data-name=\"accept-this-1\"><span class=\"wpcf7-form-control wpcf7-acceptance\"><span class=\"wpcf7-list-item\"><label><input type=\"checkbox\" name=\"accept-this-1\" value=\"1\" aria-invalid=\"false\" \/><span class=\"wpcf7-list-item-label\">Mit der Verwendung meiner Daten gem\u00e4\u00df Datenschutzerkl\u00e4rung bin ich einverstanden.<\/span><\/label><\/span><\/span><\/span>\n<\/p>\n<p><input class=\"wpcf7-form-control wpcf7-submit has-spinner\" type=\"submit\" value=\"Senden\" \/>\n<\/p><div class=\"wpcf7-response-output\" aria-hidden=\"true\"><\/div>\n<\/form>\n<\/div>\n<\/div>\n\n\n\n<p>Alternativ k\u00f6nnen Sie die Praxis w\u00e4hrend der telefonischen Sprechzeit erreichen:<br>Telefon: 0228-96693588<br>Tel. Sprechzeiten: Mittwochs von 9:00 &#8211; 10:40 Uhr<br>Praxisadresse Bonn: Rosental 90, 53111 Bonn<\/p>\n","protected":false},"excerpt":{"rendered":"<p>Bitte nutzen Sie das Formular, wenn Sie auf der Suche nach einem Therapieplatz sind: Schreiben Sie gerne kurz in Ihre Nachricht, worum es geht (Stichwort) und wann Sie in der Regel Zeit haben. Ich suche dann nach einem passenden Termin und melde mich mit einem Terminvorschlag sobald es eine Terminm\u00f6glichkeit gibt. Sie erhalten in jedem [&hellip;]<\/p>\n","protected":false},"author":1,"featured_media":0,"parent":0,"menu_order":0,"comment_status":"closed","ping_status":"closed","template":"","meta":{"footnotes":""},"class_list":["post-450","page","type-page","status-publish","hentry"],"_links":{"self":[{"href":"https:\/\/meintherapeut-bonn.de\/STRATO-apps\/wordpress_01\/app\/wp-json\/wp\/v2\/pages\/450","targetHints":{"allow":["GET"]}}],"collection":[{"href":"https:\/\/meintherapeut-bonn.de\/STRATO-apps\/wordpress_01\/app\/wp-json\/wp\/v2\/pages"}],"about":[{"href":"https:\/\/meintherapeut-bonn.de\/STRATO-apps\/wordpress_01\/app\/wp-json\/wp\/v2\/types\/page"}],"author":[{"embeddable":true,"href":"https:\/\/meintherapeut-bonn.de\/STRATO-apps\/wordpress_01\/app\/wp-json\/wp\/v2\/users\/1"}],"replies":[{"embeddable":true,"href":"https:\/\/meintherapeut-bonn.de\/STRATO-apps\/wordpress_01\/app\/wp-json\/wp\/v2\/comments?post=450"}],"version-history":[{"count":28,"href":"https:\/\/meintherapeut-bonn.de\/STRATO-apps\/wordpress_01\/app\/wp-json\/wp\/v2\/pages\/450\/revisions"}],"predecessor-version":[{"id":732,"href":"https:\/\/meintherapeut-bonn.de\/STRATO-apps\/wordpress_01\/app\/wp-json\/wp\/v2\/pages\/450\/revisions\/732"}],"wp:attachment":[{"href":"https:\/\/meintherapeut-bonn.de\/STRATO-apps\/wordpress_01\/app\/wp-json\/wp\/v2\/media?parent=450"}],"curies":[{"name":"wp","href":"https:\/\/api.w.org\/{rel}","templated":true}]}}